{"id":144,"date":"2018-05-01T11:13:33","date_gmt":"2018-05-01T11:13:33","guid":{"rendered":"https:\/\/schlossgreifenburg.at\/?page_id=144"},"modified":"2026-01-07T17:28:03","modified_gmt":"2026-01-07T17:28:03","slug":"willkommen","status":"publish","type":"page","link":"https:\/\/schlossgreifenburg.at\/","title":{"rendered":"Servus auf Schloss Greifenburg"},"content":{"rendered":"<p><strong>A K T U E L L<\/strong><\/p>\n<h3><strong><span style=\"color: #800000;\"><a style=\"color: #800000;\" href=\"https:\/\/schlossgreifenburg.at\/index.php\/hochzeit\/\">HEIRATEN auf Schloss Greifenburg<\/a><\/span><\/strong><\/h3>\n<p>&#8230; denn die Liebe setzt sich immer durch! (nachzulesen auf <span style=\"color: #800000;\"><strong><a style=\"color: #800000;\" href=\"https:\/\/www.meinbezirk.at\/spittal\/c-lokales\/die-liebe-setzt-sich-immer-durch_a6097635\">Meine Woche &#8211; HIER<\/a><\/strong><\/span>)<br \/>Vom <strong><span style=\"color: #800000;\">kleinen Empfang<\/span><\/strong> \u00fcber die <span style=\"color: #800000;\"><strong>standesamtliche Trauung<\/strong><\/span> bis hin zur <strong><span style=\"color: #800000;\">gro\u00dfen Tafel und dem rauschenden Fest<\/span><\/strong> ist alles m\u00f6glich.\u00a0<\/p>\n<p><img loading=\"lazy\" decoding=\"async\" class=\"alignnone wp-image-1017 size-medium\" src=\"https:\/\/schlossgreifenburg.at\/wp-content\/uploads\/IMG_3795-225x300.jpg\" alt=\"\" width=\"225\" height=\"300\" srcset=\"https:\/\/schlossgreifenburg.at\/wp-content\/uploads\/IMG_3795-225x300.jpg 225w, https:\/\/schlossgreifenburg.at\/wp-content\/uploads\/IMG_3795-420x560.jpg 420w, https:\/\/schlossgreifenburg.at\/wp-content\/uploads\/IMG_3795.jpg 480w\" sizes=\"auto, (max-width: 225px) 100vw, 225px\" \/> <img loading=\"lazy\" decoding=\"async\" class=\"alignnone wp-image-1016 size-medium\" src=\"https:\/\/schlossgreifenburg.at\/wp-content\/uploads\/IMG_8869-201x300.jpg\" alt=\"\" width=\"201\" height=\"300\" srcset=\"https:\/\/schlossgreifenburg.at\/wp-content\/uploads\/IMG_8869-201x300.jpg 201w, https:\/\/schlossgreifenburg.at\/wp-content\/uploads\/IMG_8869-375x560.jpg 375w, https:\/\/schlossgreifenburg.at\/wp-content\/uploads\/IMG_8869.jpg 428w\" sizes=\"auto, (max-width: 201px) 100vw, 201px\" \/> <img loading=\"lazy\" decoding=\"async\" class=\"alignnone wp-image-1014 size-medium\" src=\"https:\/\/schlossgreifenburg.at\/wp-content\/uploads\/IMG_7908-198x300.jpg\" alt=\"\" width=\"198\" height=\"300\" srcset=\"https:\/\/schlossgreifenburg.at\/wp-content\/uploads\/IMG_7908-198x300.jpg 198w, https:\/\/schlossgreifenburg.at\/wp-content\/uploads\/IMG_7908-369x560.jpg 369w, https:\/\/schlossgreifenburg.at\/wp-content\/uploads\/IMG_7908.jpg 422w\" sizes=\"auto, (max-width: 198px) 100vw, 198px\" \/><\/p>\n<p style=\"text-align: right;\"><em>Kunst. Tradition. Genuss. Moderne.<\/em><br \/><em>Drautal. K\u00e4rnten. Austria.<\/em><br \/><em>Wurzeln in der Geschichte. Blick in die Zukunft. Mit dem Herzen in der Familie.<\/em><\/p>\n\n\n<h2 class=\"wp-block-heading\"><\/h2>\n\n\n\n<p><\/p>\n","protected":false},"excerpt":{"rendered":"<p>A K T U E L L HEIRATEN auf Schloss Greifenburg &#8230; denn die Liebe setzt sich immer durch! (nachzulesen auf Meine Woche &#8211; HIER)Vom kleinen Empfang \u00fcber die standesamtliche Trauung bis hin zur gro\u00dfen Tafel und dem rauschenden Fest ist alles m\u00f6glich.\u00a0 Kunst. Tradition. Genuss. Moderne.Drautal. K\u00e4rnten. Austria.Wurzeln in der Geschichte. Blick in die &hellip; <a href=\"https:\/\/schlossgreifenburg.at\/\" class=\"more-link\">Continue reading<span class=\"screen-reader-text\"> &#8222;Servus auf Schloss Greifenburg&#8220;<\/span><\/a><\/p>\n","protected":false},"author":1,"featured_media":0,"parent":0,"menu_order":0,"comment_status":"closed","ping_status":"closed","template":"","meta":{"footnotes":""},"class_list":["post-144","page","type-page","status-publish","hentry"],"_links":{"self":[{"href":"https:\/\/schlossgreifenburg.at\/index.php\/wp-json\/wp\/v2\/pages\/144","targetHints":{"allow":["GET"]}}],"collection":[{"href":"https:\/\/schlossgreifenburg.at\/index.php\/wp-json\/wp\/v2\/pages"}],"about":[{"href":"https:\/\/schlossgreifenburg.at\/index.php\/wp-json\/wp\/v2\/types\/page"}],"author":[{"embeddable":true,"href":"https:\/\/schlossgreifenburg.at\/index.php\/wp-json\/wp\/v2\/users\/1"}],"replies":[{"embeddable":true,"href":"https:\/\/schlossgreifenburg.at\/index.php\/wp-json\/wp\/v2\/comments?post=144"}],"version-history":[{"count":124,"href":"https:\/\/schlossgreifenburg.at\/index.php\/wp-json\/wp\/v2\/pages\/144\/revisions"}],"predecessor-version":[{"id":1188,"href":"https:\/\/schlossgreifenburg.at\/index.php\/wp-json\/wp\/v2\/pages\/144\/revisions\/1188"}],"wp:attachment":[{"href":"https:\/\/schlossgreifenburg.at\/index.php\/wp-json\/wp\/v2\/media?parent=144"}],"curies":[{"name":"wp","href":"https:\/\/api.w.org\/{rel}","templated":true}]}}